{"id":975,"date":"2017-06-14T17:08:27","date_gmt":"2017-06-14T17:08:27","guid":{"rendered":"http:\/\/fertilem.com\/?page_id=975"},"modified":"2017-06-14T21:35:50","modified_gmt":"2017-06-14T21:35:50","slug":"glosario","status":"publish","type":"page","link":"http:\/\/fertilem.com\/es\/glosario\/","title":{"rendered":"Glosario"},"content":{"rendered":"<style type=\"text\/css\"> \n#cmsms_row_69f2e4970ce8a .cmsms_row_outer_parent { \n\tpadding-top: 0px; \n} \n\n#cmsms_row_69f2e4970ce8a .cmsms_row_outer_parent { \n\tpadding-bottom: 50px; \n} \n\n \n#cmsms_row_69f2e4970d0be .cmsms_row_outer_parent { \n\tpadding-top: 0px; \n} \n\n#cmsms_row_69f2e4970d0be .cmsms_row_outer_parent { \n\tpadding-bottom: 50px; \n} \n\n<\/style><p><div id=\"cmsms_row_69f2e4970ce8a\" class=\"cmsms_row cmsms_color_scheme_default\">\n<div id=\"hidrovias\" class=\"cmsms_row_outer_parent\">\n<div class=\"cmsms_row_outer\">\n<div class=\"cmsms_row_inner\">\n<div class=\"cmsms_row_margin\">\n<div class=\"cmsms_column one_first\">\n<div class=\"cmsms_text\">\n<h2>Hidrovias o Conexiones Fluviales<\/h2>\n<p>V\u00edas para el transporte fluvial de productos de un lugar a otro a trav\u00e9s de r\u00edos con profundidad adecuada. El transporte v\u00eda fluvial es una importante para comercio interior y exterior, las m\u00e1s importantes v\u00edas comerciales fluviales son el r\u00edo Misisipi y el r\u00edo Amazonas, en el que ya Fertilem ha trabajado.<\/p>\n<\/div>\n<\/div>\n<\/div>\n<\/div>\n<\/div>\n<\/div>\n<\/div>\n<div id=\"cmsms_row_69f2e4970d0be\" class=\"cmsms_row cmsms_color_scheme_default\">\n<div id=\"agronegocios\" class=\"cmsms_row_outer_parent\">\n<div class=\"cmsms_row_outer\">\n<div class=\"cmsms_row_inner\">\n<div class=\"cmsms_row_margin\">\n<div class=\"cmsms_column one_first\">\n<div class=\"cmsms_text\">\n<h2>Agronegocios<\/h2>\n<p>Sistema integrado de negocios enfocado en\u00a0actividades ligadas a los productos, procesamiento, transporte, distribuci\u00f3n y dem\u00e1s stakeholders involucrados en actividades del campo. Esta disciplina\u00a0analiza a la agricultura como una\u00a0cadena de valor con m\u00faltiples procesos centrados\u00a0en el campo para satisfacer las necesidades de la demanda del consumidor.<\/p>\n<\/div>\n<\/div>\n<\/div>\n<\/div>\n<\/div>\n<\/div>\n<\/div>\n<\/p>","protected":false},"excerpt":{"rendered":"","protected":false},"author":7,"featured_media":0,"parent":0,"menu_order":0,"comment_status":"closed","ping_status":"closed","template":"","meta":{"footnotes":""},"class_list":["post-975","page","type-page","status-publish","hentry"],"_links":{"self":[{"href":"http:\/\/fertilem.com\/es\/wp-json\/wp\/v2\/pages\/975","targetHints":{"allow":["GET"]}}],"collection":[{"href":"http:\/\/fertilem.com\/es\/wp-json\/wp\/v2\/pages"}],"about":[{"href":"http:\/\/fertilem.com\/es\/wp-json\/wp\/v2\/types\/page"}],"author":[{"embeddable":true,"href":"http:\/\/fertilem.com\/es\/wp-json\/wp\/v2\/users\/7"}],"replies":[{"embeddable":true,"href":"http:\/\/fertilem.com\/es\/wp-json\/wp\/v2\/comments?post=975"}],"version-history":[{"count":0,"href":"http:\/\/fertilem.com\/es\/wp-json\/wp\/v2\/pages\/975\/revisions"}],"wp:attachment":[{"href":"http:\/\/fertilem.com\/es\/wp-json\/wp\/v2\/media?parent=975"}],"curies":[{"name":"wp","href":"https:\/\/api.w.org\/{rel}","templated":true}]}}