{"id":755,"date":"2016-11-22T19:39:03","date_gmt":"2016-11-22T19:39:03","guid":{"rendered":"http:\/\/fertilem.com\/?page_id=755"},"modified":"2017-06-02T16:15:40","modified_gmt":"2017-06-02T16:15:40","slug":"desarrollo-logistico-de-productos-agropecuarios","status":"publish","type":"page","link":"http:\/\/fertilem.com\/es\/desarrollo-logistico-de-productos-agropecuarios\/","title":{"rendered":"Desarrollo logistico de productos agropecuarios"},"content":{"rendered":"<style type=\"text\/css\"> \n#cmsms_row_69f31b7f04b7a .cmsms_row_outer_parent { \n\tpadding-top: 0px; \n} \n\n#cmsms_row_69f31b7f04b7a .cmsms_row_outer_parent { \n\tpadding-bottom: 50px; \n} \n\n \n#cmsms_heading_69f31b7f04bf8, #cmsms_heading_69f31b7f04bf8 a { \n\tcolor:#74c14d; color:rgba(116, 193, 77, 1);\n\tfont-family:'Quicksand'; \n\ttext-align:center; \n\tfont-weight:bold; \n\tfont-style:normal; \n\tmargin-top:0px; \n\tmargin-bottom:20px; \n} \n \n#cmsms_row_69f31b7f04c20 .cmsms_row_outer_parent { \n\tpadding-top: 0px; \n} \n\n#cmsms_row_69f31b7f04c20 .cmsms_row_outer_parent { \n\tpadding-bottom: 50px; \n} \n\n \n#cmsms_icon_box_69f31b7f04cb0 h1:before { \n\tcolor:#61a93e; \n} \n \n#cmsms_icon_box_69f31b7f04cdd h1:before { \n\tcolor:#61a93e; \n} \n \n#cmsms_icon_box_69f31b7f04d02 h1:before { \n\tcolor:#61a93e; \n} \n \n#cmsms_row_69f31b7f04d1a .cmsms_row_outer_parent { \n\tpadding-top: 0px; \n} \n\n#cmsms_row_69f31b7f04d1a .cmsms_row_outer_parent { \n\tpadding-bottom: 50px; \n} \n\n \n#cmsms_row_69f31b7f04d7c .cmsms_row_outer_parent { \n\tpadding-top: 0px; \n} \n\n#cmsms_row_69f31b7f04d7c .cmsms_row_outer_parent { \n\tpadding-bottom: 50px; \n} \n\n \n#cmsms_icon_box_69f31b7f04daf { \n\tbackground-color:#0098da; \n} \n \n#cmsms_icon_box_69f31b7f04de5 { \n\tbackground-color:#0098da; \n} \n \n#cmsms_icon_box_69f31b7f04e19 { \n\tbackground-color:#0098da; \n} \n \n#cmsms_icon_box_69f31b7f04e45 { \n\tbackground-color:#0098da; \n} \n \n#cmsms_row_69f31b7f04e65 { \n\tbackground-image: url(http:\/\/fertilem.com\/wp-content\/uploads\/2016\/11\/logistica1.jpg); \n\tbackground-position: bottom center; \n\tbackground-repeat: no-repeat; \n\tbackground-attachment: scroll; \n\tbackground-size: cover; \n} \n\n#cmsms_row_69f31b7f04e65 .cmsms_row_outer_parent { \n\tpadding-top: 20px; \n} \n\n#cmsms_row_69f31b7f04e65 .cmsms_row_outer_parent { \n\tpadding-bottom: 10px; \n} \n\n#cmsms_row_69f31b7f04e65 .cmsms_row_overlay { \n\tbackground-color: #79bf28; \n\topacity: 0.8; \n} \n\n\n#cmsms_button_69f31b7f053af { \n\ttext-align:left; \n} \n\n#cmsms_button_69f31b7f053af .cmsms_button:before { \n\tmargin-right:.5em; \n\tmargin-left:0; \n\tvertical-align:baseline; \n} \n\n#cmsms_button_69f31b7f053af .cmsms_button { \n\tfont-weight:100; \n\tfont-style:normal; \n\tpadding-right:20px; \n\tpadding-left:20px; \n} \n#cmsms_button_69f31b7f053af .cmsms_button:hover { \n} \n \n#cmsms_row_69f31b7f053ce .cmsms_row_outer_parent { \n\tpadding-top: 0px; \n} \n\n#cmsms_row_69f31b7f053ce .cmsms_row_outer_parent { \n\tpadding-bottom: 50px; \n} \n\n \n#cmsms_divider_69f31b7f05449 { \n\tpadding-top:50px; \n\tmargin-bottom:50px; \n} \n \n#cmsms_row_69f31b7f0545e .cmsms_row_outer_parent { \n\tpadding-top: 0px; \n} \n\n#cmsms_row_69f31b7f0545e .cmsms_row_outer_parent { \n\tpadding-bottom: 50px; \n} \n\n \n#cmsms_divider_69f31b7f05485 { \n\tpadding-top:20px; \n\tmargin-bottom:20px; \n} \n \n#cmsms_row_69f31b7f05498 .cmsms_row_outer_parent { \n\tpadding-top: 0px; \n} \n\n#cmsms_row_69f31b7f05498 .cmsms_row_outer_parent { \n\tpadding-bottom: 50px; \n} \n\n \n#cmsms_heading_69f31b7f054bf, #cmsms_heading_69f31b7f054bf a { \n\tcolor:#74c14d; color:rgba(116, 193, 77, 1);\n\tfont-family:'Quicksand'; \n\ttext-align:center; \n\tfont-weight:bold; \n\tfont-style:normal; \n\tmargin-top:0px; \n\tmargin-bottom:20px; \n} \n \n#cmsms_row_69f31b7f054e0 .cmsms_row_outer_parent { \n\tpadding-top: 0px; \n} \n\n#cmsms_row_69f31b7f054e0 .cmsms_row_outer_parent { \n\tpadding-bottom: 50px; \n} \n\n \n#cmsms_icon_box_69f31b7f0550b h1:before { \n\tcolor:#61a93e; \n} \n \n#cmsms_icon_box_69f31b7f0553a h1:before { \n\tcolor:#61a93e; \n} \n \n#cmsms_icon_box_69f31b7f05565 h1:before { \n\tcolor:#61a93e; \n} \n \n#cmsms_row_69f31b7f05583 .cmsms_row_outer_parent { \n\tpadding-top: 0px; \n} \n\n#cmsms_row_69f31b7f05583 .cmsms_row_outer_parent { \n\tpadding-bottom: 50px; \n} \n\n \n#cmsms_row_69f31b7f055e9 .cmsms_row_outer_parent { \n\tpadding-top: 0px; \n} \n\n#cmsms_row_69f31b7f055e9 .cmsms_row_outer_parent { \n\tpadding-bottom: 50px; \n} \n\n \n#cmsms_icon_box_69f31b7f05620 { \n\tbackground-color:#0098da; \n} \n \n#cmsms_icon_box_69f31b7f05658 { \n\tbackground-color:#0098da; \n} \n \n#cmsms_icon_box_69f31b7f0568d { \n\tbackground-color:#0098da; \n} \n \n#cmsms_icon_box_69f31b7f056c1 { \n\tbackground-color:#0098da; \n} \n \n#cmsms_row_69f31b7f056e4 { \n\tbackground-image: url(http:\/\/fertilem.com\/wp-content\/uploads\/2016\/11\/logistica1.jpg); \n\tbackground-position: center center; \n\tbackground-repeat: no-repeat; \n\tbackground-attachment: fixed; \n\tbackground-size: cover; \n} \n\n#cmsms_row_69f31b7f056e4 .cmsms_row_outer_parent { \n\tpadding-top: 20px; \n} \n\n#cmsms_row_69f31b7f056e4 .cmsms_row_outer_parent { \n\tpadding-bottom: 10px; \n} \n\n#cmsms_row_69f31b7f056e4 .cmsms_row_overlay { \n\tbackground-color: #79bf28; \n\topacity: 0.8; \n} \n\n\n#cmsms_button_69f31b7f05787 { \n\ttext-align:center; \n} \n\n#cmsms_button_69f31b7f05787 .cmsms_button:before { \n\tmargin-right:.5em; \n\tmargin-left:0; \n\tvertical-align:baseline; \n} \n\n#cmsms_button_69f31b7f05787 .cmsms_button { \n\tfont-weight:100; \n\tfont-style:normal; \n\tpadding-right:20px; \n\tpadding-left:20px; \n} \n#cmsms_button_69f31b7f05787 .cmsms_button:hover { \n} \n \n#cmsms_row_69f31b7f057a0 .cmsms_row_outer_parent { \n\tpadding-top: 0px; \n} \n\n#cmsms_row_69f31b7f057a0 .cmsms_row_outer_parent { \n\tpadding-bottom: 50px; \n} \n\n \n#cmsms_divider_69f31b7f057c3 { \n\tpadding-top:50px; \n\tmargin-bottom:50px; \n} \n<\/style><p><div id=\"cmsms_row_69f31b7f04a1e\" class=\"cmsms_row cmsms_color_scheme_default\">\n<div class=\"cmsms_row_outer_parent\">\n<div class=\"cmsms_row_outer\">\n<div class=\"cmsms_row_inner\">\n<div class=\"cmsms_row_margin\">\n<div class=\"cmsms_column one_first\">\n<div class=\"cmsms_text\">\n<\/div>\n<\/div>\n<\/div>\n<\/div>\n<\/div>\n<\/div>\n<\/div>\n<div id=\"cmsms_row_69f31b7f04b7a\" class=\"cmsms_row cmsms_color_scheme_default\">\n<div class=\"cmsms_row_outer_parent\">\n<div class=\"cmsms_row_outer\">\n<div class=\"cmsms_row_inner\">\n<div class=\"cmsms_row_margin\">\n<div class=\"cmsms_column one_first\">\n<h1 id=\"cmsms_heading_69f31b7f04bf8\" class=\"cmsms_heading\">Generamos una estructura de log\u00edstica \u00f3ptima para la exportaci\u00f3n e importaci\u00f3n de productos agrarios<\/h1>\n<\/div>\n<\/div>\n<\/div>\n<\/div>\n<\/div>\n<\/div>\n<div id=\"cmsms_row_69f31b7f04c20\" class=\"cmsms_row cmsms_color_scheme_default\">\n<div class=\"cmsms_row_outer_parent\">\n<div class=\"cmsms_row_outer\">\n<div class=\"cmsms_row_inner\">\n<div class=\"cmsms_row_margin\">\n<div class=\"cmsms_column one_third\">\n<div id=\"cmsms_icon_box_69f31b7f04cb0\" class=\"cmsms_icon_box cmsms_box_heading\" data-animation=\"fadeInUp\" data-delay=\"0\">\n<div class=\"icon_box_inner\">\n<h1 class=\"cmsms-icon-globe-1\">Optimizamos a la exportaci\u00f3n e importaci\u00f3n Agro<\/h1>\n<div class=\"icon_box_text\">\n<\/div>\n<\/div>\n<\/div>\n<\/div>\n<div class=\"cmsms_column one_third\">\n<div id=\"cmsms_icon_box_69f31b7f04cdd\" class=\"cmsms_icon_box cmsms_box_heading\" data-animation=\"fadeInUp\" data-delay=\"0\">\n<div class=\"icon_box_inner\">\n<h1 class=\"cmsms-icon-truck\">Maximizamos la forma de trasporte<\/h1>\n<div class=\"icon_box_text\">\n<\/div>\n<\/div>\n<\/div>\n<\/div>\n<div class=\"cmsms_column one_third\">\n<div id=\"cmsms_icon_box_69f31b7f04d02\" class=\"cmsms_icon_box cmsms_box_heading\" data-animation=\"fadeInUp\" data-delay=\"0\">\n<div class=\"icon_box_inner\">\n<h1 class=\"cmsms-icon-leaf-1\">Nuestro objetivo es mejorar los costos de la empresa Agro<\/h1>\n<div class=\"icon_box_text\">\n<\/div>\n<\/div>\n<\/div>\n<\/div>\n<\/div>\n<\/div>\n<\/div>\n<\/div>\n<\/div>\n<div id=\"cmsms_row_69f31b7f04d1a\" class=\"cmsms_row cmsms_color_scheme_default\">\n<div class=\"cmsms_row_outer_parent\">\n<div class=\"cmsms_row_outer\">\n<div class=\"cmsms_row_inner\">\n<div class=\"cmsms_row_margin\">\n<div class=\"cmsms_column one_first\">\n<div class=\"cmsms_text\" data-animation=\"fadeIn\" data-delay=\"0\">\n<h1><strong><em>Desarrollo log\u00edstico\u00a0de productos agropecuarios<br \/>\n<\/em><\/strong><\/h1>\n<p style=\"text-align: justify;\">La experiencia adquirida en estos a\u00f1os a lo largo de toda Latinoam\u00e9rica en escalas nunca antes logradas por empresas de producci\u00f3n agr\u00edcola a nivel mundial nos oblig\u00f3 a generar en la pr\u00e1ctica el desarrollo log\u00edstico de productos agropecuarios con la implementaci\u00f3n de estructuras para la exportaci\u00f3n e importaci\u00f3n de productos agrarios de forma optima. Ayudamos a maximizar la eficiencia tanto en la forma de trasporte (naval, aereo o terrestre), en los modos de importaci\u00f3n o exportaci\u00f3n elegidos y en los vol\u00famenes de productos a transportar, con el objetivo de mejorar los costos de la empresa Agro.<\/p>\n<\/div>\n<\/div>\n<\/div>\n<\/div>\n<\/div>\n<\/div>\n<\/div>\n<div id=\"cmsms_row_69f31b7f04d7c\" class=\"cmsms_row cmsms_color_scheme_default\">\n<div class=\"cmsms_row_outer_parent\">\n<div class=\"cmsms_row_outer\">\n<div class=\"cmsms_row_inner\">\n<div class=\"cmsms_row_margin\">\n<div class=\"cmsms_column one_fourth\">\n<div id=\"cmsms_icon_box_69f31b7f04daf\" class=\"cmsms_icon_box cmsms_box_colored cmsms-icon-location-2\" data-animation=\"fadeInUp\" data-delay=\"0\">\n<div class=\"icon_box_inner\">\n<h1><\/h1>\n<div class=\"icon_box_text\">\n<p><em>Detallamos los productos que su cultiven o se producen en el lugar de la empresa, sus canales de comercializaci\u00f3n y cantidad a transportar.<\/em><\/p>\n<\/div>\n<\/div>\n<\/div>\n<\/div>\n<div class=\"cmsms_column one_fourth\">\n<div id=\"cmsms_icon_box_69f31b7f04de5\" class=\"cmsms_icon_box cmsms_box_colored cmsms-icon-cog-alt\" data-animation=\"bounceInUp\" data-delay=\"0\">\n<div class=\"icon_box_inner\">\n<h1><\/h1>\n<div class=\"icon_box_text\">\n<p><em>Buscamos comprender todos los factores cr\u00edticos internos y externos de la log\u00edstica de los productos agrarios de la empresa.<br \/>\n<\/em><\/p>\n<\/div>\n<\/div>\n<\/div>\n<\/div>\n<div class=\"cmsms_column one_fourth\">\n<div id=\"cmsms_icon_box_69f31b7f04e19\" class=\"cmsms_icon_box cmsms_box_colored cmsms-icon-anchor\">\n<div class=\"icon_box_inner\">\n<h1><\/h1>\n<div class=\"icon_box_text\">\n<p><em>Determinamos cuales son los ahorros y\/o sobrecostos de la exportaci\u00f3n o importaci\u00f3n en via terreste, aerea y maritima.<\/em><\/p>\n<\/div>\n<\/div>\n<\/div>\n<\/div>\n<div class=\"cmsms_column one_fourth\">\n<div id=\"cmsms_icon_box_69f31b7f04e45\" class=\"cmsms_icon_box cmsms_box_colored cmsms-icon-flow-tree\">\n<div class=\"icon_box_inner\">\n<h1><\/h1>\n<div class=\"icon_box_text\">\n<p><em>Analizamos otros factores de valor agregado que se pueden encontrar en todo el proceso log\u00edstico.<\/em><\/p>\n<\/div>\n<\/div>\n<\/div>\n<\/div>\n<\/div>\n<\/div>\n<\/div>\n<\/div>\n<\/div>\n<div id=\"cmsms_row_69f31b7f04e65\" class=\"cmsms_row cmsms_color_scheme_first\" data-stellar-background-ratio=\"0.5\">\n<div class=\"cmsms_row_outer_parent\">\n<div class=\"cmsms_row_overlay\"><\/div>\n<div class=\"cmsms_row_outer\">\n<div class=\"cmsms_row_inner\">\n<div class=\"cmsms_row_margin\">\n<div class=\"cmsms_column three_fourth\">\n<div class=\"cmsms_text\">\n<h3 style=\"text-align: right;\"><\/h3>\n<h3 style=\"text-align: right;\">Desea mas innformaci\u00f3n sobre desarrollo log\u00edstico de productos agropecuarios?<\/h3>\n<\/div>\n<\/div>\n<div class=\"cmsms_column one_fourth\">\n\n<div id=\"cmsms_button_69f31b7f053af\" class=\"button_wrap\"><a href=\"fertilem.com\/contacto\" class=\"cmsms_button\" target=\"_blank\">Cont\u00e1ctanos<\/a><\/div>\n<\/div>\n<\/div>\n<\/div>\n<\/div>\n<\/div>\n<\/div>\n<div id=\"cmsms_row_69f31b7f053ce\" class=\"cmsms_row cmsms_color_scheme_default\">\n<div class=\"cmsms_row_outer_parent\">\n<div class=\"cmsms_row_outer\">\n<div class=\"cmsms_row_inner\">\n<div class=\"cmsms_row_margin\">\n<div class=\"cmsms_column one_first\">\n<div id=\"cmsms_divider_69f31b7f05449\" class=\"cmsms_divider solid\"><\/div>\n<\/div>\n<\/div>\n<\/div>\n<\/div>\n<\/div>\n<\/div>\n<\/p>","protected":false},"excerpt":{"rendered":"","protected":false},"author":7,"featured_media":511,"parent":0,"menu_order":0,"comment_status":"closed","ping_status":"closed","template":"","meta":{"footnotes":""},"class_list":["post-755","page","type-page","status-publish","has-post-thumbnail","hentry"],"_links":{"self":[{"href":"http:\/\/fertilem.com\/es\/wp-json\/wp\/v2\/pages\/755","targetHints":{"allow":["GET"]}}],"collection":[{"href":"http:\/\/fertilem.com\/es\/wp-json\/wp\/v2\/pages"}],"about":[{"href":"http:\/\/fertilem.com\/es\/wp-json\/wp\/v2\/types\/page"}],"author":[{"embeddable":true,"href":"http:\/\/fertilem.com\/es\/wp-json\/wp\/v2\/users\/7"}],"replies":[{"embeddable":true,"href":"http:\/\/fertilem.com\/es\/wp-json\/wp\/v2\/comments?post=755"}],"version-history":[{"count":0,"href":"http:\/\/fertilem.com\/es\/wp-json\/wp\/v2\/pages\/755\/revisions"}],"wp:featuredmedia":[{"embeddable":true,"href":"http:\/\/fertilem.com\/es\/wp-json\/wp\/v2\/media\/511"}],"wp:attachment":[{"href":"http:\/\/fertilem.com\/es\/wp-json\/wp\/v2\/media?parent=755"}],"curies":[{"name":"wp","href":"https:\/\/api.w.org\/{rel}","templated":true}]}}