{"id":569,"date":"2015-07-24T15:46:50","date_gmt":"2015-07-24T15:46:50","guid":{"rendered":"http:\/\/fertilem.com\/?page_id=569"},"modified":"2017-06-02T17:43:03","modified_gmt":"2017-06-02T17:43:03","slug":"soluciones-y-sistema-gis","status":"publish","type":"page","link":"http:\/\/fertilem.com\/es\/soluciones-y-sistema-gis\/","title":{"rendered":"Soluciones y Sistema GIS"},"content":{"rendered":"<style type=\"text\/css\"> \n#cmsms_row_69d20a8f16b7e .cmsms_row_outer_parent { \n\tpadding-top: 0px; \n} \n\n#cmsms_row_69d20a8f16b7e .cmsms_row_outer_parent { \n\tpadding-bottom: 50px; \n} \n\n \n#cmsms_divider_69d20a8f16c10 { \n\tpadding-top:50px; \n\tmargin-bottom:50px; \n} \n \n#cmsms_row_69d20a8f16d0a .cmsms_row_outer_parent { \n\tpadding-top: 0px; \n} \n\n#cmsms_row_69d20a8f16d0a .cmsms_row_outer_parent { \n\tpadding-bottom: 50px; \n} \n\n \n#cmsms_heading_69d20a8f16dc2, #cmsms_heading_69d20a8f16dc2 a { \n\tcolor:#74c14d; color:rgba(116, 193, 77, 1);\n\tfont-family:'Quicksand'; \n\ttext-align:center; \n\tfont-weight:bold; \n\tfont-style:normal; \n\tmargin-top:0px; \n\tmargin-bottom:20px; \n} \n \n#cmsms_row_69d20a8f16df2 .cmsms_row_outer_parent { \n\tpadding-top: 0px; \n} \n\n#cmsms_row_69d20a8f16df2 .cmsms_row_outer_parent { \n\tpadding-bottom: 50px; \n} \n\n \n#cmsms_icon_box_69d20a8f16e86 h1:before { \n\tcolor:#61a93e; \n} \n \n#cmsms_icon_box_69d20a8f16ecf h1:before { \n\tcolor:#61a93e; \n} \n \n#cmsms_icon_box_69d20a8f16f10 h1:before { \n\tcolor:#61a93e; \n} \n \n#cmsms_row_69d20a8f16f3a .cmsms_row_outer_parent { \n\tpadding-top: 0px; \n} \n\n#cmsms_row_69d20a8f16f3a .cmsms_row_outer_parent { \n\tpadding-bottom: 50px; \n} \n\n \n#cmsms_row_69d20a8f17011 .cmsms_row_outer_parent { \n\tpadding-top: 0px; \n} \n\n#cmsms_row_69d20a8f17011 .cmsms_row_outer_parent { \n\tpadding-bottom: 50px; \n} \n\n \n#cmsms_icon_box_69d20a8f17056 { \n\tbackground-color:#0098da; \n} \n \n#cmsms_icon_box_69d20a8f17099 { \n\tbackground-color:#0098da; \n} \n \n#cmsms_icon_box_69d20a8f170e1 { \n\tbackground-color:#0098da; \n} \n \n#cmsms_icon_box_69d20a8f17122 { \n\tbackground-color:#0098da; \n} \n \n#cmsms_row_69d20a8f17150 { \n\tbackground-image: url(http:\/\/fertilem.com\/wp-content\/uploads\/2015\/07\/fondo2.jpg); \n\tbackground-position: top center; \n\tbackground-repeat: no-repeat; \n\tbackground-attachment: scroll; \n\tbackground-size: cover; \n} \n\n#cmsms_row_69d20a8f17150 .cmsms_row_outer_parent { \n\tpadding-top: 20px; \n} \n\n#cmsms_row_69d20a8f17150 .cmsms_row_outer_parent { \n\tpadding-bottom: 10px; \n} \n\n#cmsms_row_69d20a8f17150 .cmsms_row_overlay { \n\tbackground-color: #79bf28; \n\topacity: 0.8; \n} \n\n\n#cmsms_button_69d20a8f17738 { \n\ttext-align:left; \n} \n\n#cmsms_button_69d20a8f17738 .cmsms_button:before { \n\tmargin-right:.5em; \n\tmargin-left:0; \n\tvertical-align:baseline; \n} \n\n#cmsms_button_69d20a8f17738 .cmsms_button { \n\tfont-weight:100; \n\tfont-style:normal; \n\tpadding-right:20px; \n\tpadding-left:20px; \n} \n#cmsms_button_69d20a8f17738 .cmsms_button:hover { \n} \n \n#cmsms_row_69d20a8f17759 .cmsms_row_outer_parent { \n\tpadding-top: 0px; \n} \n\n#cmsms_row_69d20a8f17759 .cmsms_row_outer_parent { \n\tpadding-bottom: 50px; \n} \n\n \n#cmsms_divider_69d20a8f1778e { \n\tpadding-top:50px; \n\tmargin-bottom:50px; \n} \n \n#cmsms_row_69d20a8f177a6 .cmsms_row_outer_parent { \n\tpadding-top: 0px; \n} \n\n#cmsms_row_69d20a8f177a6 .cmsms_row_outer_parent { \n\tpadding-bottom: 50px; \n} \n\n \n#cmsms_divider_69d20a8f177d4 { \n\tpadding-top:50px; \n\tmargin-bottom:50px; \n} \n \n#cmsms_row_69d20a8f177eb .cmsms_row_outer_parent { \n\tpadding-top: 0px; \n} \n\n#cmsms_row_69d20a8f177eb .cmsms_row_outer_parent { \n\tpadding-bottom: 50px; \n} \n\n \n#cmsms_heading_69d20a8f1781e, #cmsms_heading_69d20a8f1781e a { \n\tcolor:#74c14d; color:rgba(116, 193, 77, 1);\n\tfont-family:'Quicksand'; \n\ttext-align:center; \n\tfont-weight:bold; \n\tfont-style:normal; \n\tmargin-top:0px; \n\tmargin-bottom:20px; \n} \n \n#cmsms_row_69d20a8f17842 .cmsms_row_outer_parent { \n\tpadding-top: 0px; \n} \n\n#cmsms_row_69d20a8f17842 .cmsms_row_outer_parent { \n\tpadding-bottom: 50px; \n} \n\n \n#cmsms_icon_box_69d20a8f1787a h1:before { \n\tcolor:#61a93e; \n} \n \n#cmsms_icon_box_69d20a8f178b9 h1:before { \n\tcolor:#61a93e; \n} \n \n#cmsms_icon_box_69d20a8f178f5 h1:before { \n\tcolor:#61a93e; \n} \n \n#cmsms_row_69d20a8f17924 .cmsms_row_outer_parent { \n\tpadding-top: 0px; \n} \n\n#cmsms_row_69d20a8f17924 .cmsms_row_outer_parent { \n\tpadding-bottom: 50px; \n} \n\n \n#cmsms_row_69d20a8f179c6 .cmsms_row_outer_parent { \n\tpadding-top: 0px; \n} \n\n#cmsms_row_69d20a8f179c6 .cmsms_row_outer_parent { \n\tpadding-bottom: 50px; \n} \n\n \n#cmsms_icon_box_69d20a8f17a08 { \n\tbackground-color:#0098da; \n} \n \n#cmsms_icon_box_69d20a8f17a50 { \n\tbackground-color:#0098da; \n} \n \n#cmsms_icon_box_69d20a8f17a97 { \n\tbackground-color:#0098da; \n} \n \n#cmsms_icon_box_69d20a8f17adc { \n\tbackground-color:#0098da; \n} \n \n#cmsms_row_69d20a8f17b0a { \n\tbackground-image: url(http:\/\/fertilem.com\/wp-content\/uploads\/2015\/07\/fondo2.jpg); \n\tbackground-position: top center; \n\tbackground-repeat: no-repeat; \n\tbackground-attachment: scroll; \n\tbackground-size: cover; \n} \n\n#cmsms_row_69d20a8f17b0a .cmsms_row_outer_parent { \n\tpadding-top: 20px; \n} \n\n#cmsms_row_69d20a8f17b0a .cmsms_row_outer_parent { \n\tpadding-bottom: 10px; \n} \n\n#cmsms_row_69d20a8f17b0a .cmsms_row_overlay { \n\tbackground-color: #79bf28; \n\topacity: 0.8; \n} \n\n\n#cmsms_button_69d20a8f17bba { \n\ttext-align:left; \n} \n\n#cmsms_button_69d20a8f17bba .cmsms_button:before { \n\tmargin-right:.5em; \n\tmargin-left:0; \n\tvertical-align:baseline; \n} \n\n#cmsms_button_69d20a8f17bba .cmsms_button { \n\tfont-weight:100; \n\tfont-style:normal; \n\tpadding-right:20px; \n\tpadding-left:20px; \n} \n#cmsms_button_69d20a8f17bba .cmsms_button:hover { \n} \n \n#cmsms_row_69d20a8f17bd6 .cmsms_row_outer_parent { \n\tpadding-top: 0px; \n} \n\n#cmsms_row_69d20a8f17bd6 .cmsms_row_outer_parent { \n\tpadding-bottom: 50px; \n} \n\n \n#cmsms_divider_69d20a8f17c04 { \n\tpadding-top:50px; \n\tmargin-bottom:50px; \n} \n<\/style><p><div id=\"cmsms_row_69d20a8f16b7e\" class=\"cmsms_row cmsms_color_scheme_default\">\n<div class=\"cmsms_row_outer_parent\">\n<div class=\"cmsms_row_outer\">\n<div class=\"cmsms_row_inner\">\n<div class=\"cmsms_row_margin\">\n<div class=\"cmsms_column one_first\">\n<div id=\"cmsms_divider_69d20a8f16c10\" class=\"cmsms_divider solid\"><\/div>\n<\/div>\n<\/div>\n<\/div>\n<\/div>\n<\/div>\n<\/div>\n<div id=\"cmsms_row_69d20a8f16d0a\" class=\"cmsms_row cmsms_color_scheme_default\">\n<div class=\"cmsms_row_outer_parent\">\n<div class=\"cmsms_row_outer\">\n<div class=\"cmsms_row_inner\">\n<div class=\"cmsms_row_margin\">\n<div class=\"cmsms_column one_first\">\n<h1 id=\"cmsms_heading_69d20a8f16dc2\" class=\"cmsms_heading\">Desarrollamos soluciones con tecnolog\u00edas de informaci\u00f3n geogr\u00e1fica que ayudan a la planificaci\u00f3n y toma de decisiones de nuestros clientes<\/h1>\n<\/div>\n<\/div>\n<\/div>\n<\/div>\n<\/div>\n<\/div>\n<div id=\"cmsms_row_69d20a8f16df2\" class=\"cmsms_row cmsms_color_scheme_default\">\n<div class=\"cmsms_row_outer_parent\">\n<div class=\"cmsms_row_outer\">\n<div class=\"cmsms_row_inner\">\n<div class=\"cmsms_row_margin\">\n<div class=\"cmsms_column one_third\">\n<div id=\"cmsms_icon_box_69d20a8f16e86\" class=\"cmsms_icon_box cmsms_box_heading\" data-animation=\"fadeInUp\" data-delay=\"0\">\n<div class=\"icon_box_inner\">\n<h1 class=\"cmsms-icon-rss-1\">Soluciones GIS para el agro<\/h1>\n<div class=\"icon_box_text\">\n<p><\/p>\n<\/div>\n<\/div>\n<\/div>\n<\/div>\n<div class=\"cmsms_column one_third\">\n<div id=\"cmsms_icon_box_69d20a8f16ecf\" class=\"cmsms_icon_box cmsms_box_heading\" data-animation=\"fadeInUp\" data-delay=\"0\">\n<div class=\"icon_box_inner\">\n<h1 class=\"cmsms-icon-globe-6\">Caracterizaci\u00f3n ambiental georreferenciada<\/h1>\n<div class=\"icon_box_text\">\n<p><\/p>\n<\/div>\n<\/div>\n<\/div>\n<\/div>\n<div class=\"cmsms_column one_third\">\n<div id=\"cmsms_icon_box_69d20a8f16f10\" class=\"cmsms_icon_box cmsms_box_heading\" data-animation=\"fadeInUp\" data-delay=\"0\">\n<div class=\"icon_box_inner\">\n<h1 class=\"cmsms-icon-users\">Capacitaci\u00f3n y desarrollo en plataformas GIS<\/h1>\n<div class=\"icon_box_text\">\n<p><\/p>\n<\/div>\n<\/div>\n<\/div>\n<\/div>\n<\/div>\n<\/div>\n<\/div>\n<\/div>\n<\/div>\n<div id=\"cmsms_row_69d20a8f16f3a\" class=\"cmsms_row cmsms_color_scheme_default\">\n<div class=\"cmsms_row_outer_parent\">\n<div class=\"cmsms_row_outer\">\n<div class=\"cmsms_row_inner\">\n<div class=\"cmsms_row_margin\">\n<div class=\"cmsms_column one_first\">\n<div class=\"cmsms_text\" data-animation=\"fadeIn\" data-delay=\"0\">\n<h2><strong>Sistema GIS \u2013 Elaboraci\u00f3n de informe t\u00e9cnicos y capacitaciones en an\u00e1lisis geogr\u00e1ficos y sensoramiento remoto<\/strong><\/h2>\n<p>Nos enfocamos en la generaci\u00f3n de valor para nuestros clientes mediante el desarrollo de servicios y an\u00e1lisis de informaci\u00f3n geogr\u00e1fica (Sistema GIS) y teledetecci\u00f3n. Enfocados en el sector agropecuario, con m\u00e1s de diez a\u00f1os de experiencia en diferentes regiones de sud Am\u00e9rica,\u00a0 ofrecemos servicios de asesoramiento, consultor\u00eda, an\u00e1lisis y desarrollos de soluciones soportados por tecnolog\u00edas de informaci\u00f3n geogr\u00e1fica\u00a0 que ayudan a la planificaci\u00f3n y toma de decisiones\u00a0 de nuestros\u00a0 clientes<\/p>\n<p>.<\/p>\n<\/div>\n<\/div>\n<\/div>\n<\/div>\n<\/div>\n<\/div>\n<\/div>\n<div id=\"cmsms_row_69d20a8f17011\" class=\"cmsms_row cmsms_color_scheme_default\">\n<div class=\"cmsms_row_outer_parent\">\n<div class=\"cmsms_row_outer\">\n<div class=\"cmsms_row_inner\">\n<div class=\"cmsms_row_margin\">\n<div class=\"cmsms_column one_fourth\">\n<div id=\"cmsms_icon_box_69d20a8f17056\" class=\"cmsms_icon_box cmsms_box_colored cmsms-icon-map\" data-animation=\"fadeInUp\" data-delay=\"0\">\n<div class=\"icon_box_inner\">\n<h1><\/h1>\n<div class=\"icon_box_text\">\n<p>An\u00e1lisis de calidad de tierras medianteel Sistema GIS y sensoramiento remoto. Generaci\u00f3n de mapas de suelos, mapas topogr\u00e1ficos, riesgo h\u00eddrico, mapa de potencial productivo y\u00a0 ambientes.<\/p>\n<\/div>\n<\/div>\n<\/div>\n<\/div>\n<div class=\"cmsms_column one_fourth\">\n<div id=\"cmsms_icon_box_69d20a8f17099\" class=\"cmsms_icon_box cmsms_box_colored cmsms-icon-search-1\" data-animation=\"bounceInUp\" data-delay=\"0\">\n<div class=\"icon_box_inner\">\n<h1><\/h1>\n<div class=\"icon_box_text\">\n<p>Auditoria sobre el ciclo productivo mediante el monitoreo de cultivos con \u00edndices de vegetaci\u00f3n. Monitoreo de variables agroclim\u00e1ticas<\/p>\n<\/div>\n<\/div>\n<\/div>\n<\/div>\n<div class=\"cmsms_column one_fourth\">\n<div id=\"cmsms_icon_box_69d20a8f170e1\" class=\"cmsms_icon_box cmsms_box_colored cmsms-icon-doc-text\">\n<div class=\"icon_box_inner\">\n<h1><\/h1>\n<div class=\"icon_box_text\">\n<p>An\u00e1lisis espacial avanzado, zonificaciones, optimizaci\u00f3n log\u00edstica, clasificaci\u00f3n digital de im\u00e1genes (detecci\u00f3n y cuantificaci\u00f3n de \u00e1reas cultivadas), localizaci\u00f3n\u00a0 optima, modelos de elevaci\u00f3n digital.<\/p>\n<\/div>\n<\/div>\n<\/div>\n<\/div>\n<div class=\"cmsms_column one_fourth\">\n<div id=\"cmsms_icon_box_69d20a8f17122\" class=\"cmsms_icon_box cmsms_box_colored cmsms-icon-rss\">\n<div class=\"icon_box_inner\">\n<h1><\/h1>\n<div class=\"icon_box_text\">\n<p>Dise\u00f1o y desarrollo de sistemas\u00a0GIS integrales basadas en plataformas tecnol\u00f3gicas comerciales (ESRI) y plataformas Open Source (GeoServer) . Aplicaciones desktop GIS,\u00a0 web GIS\u00a0 y GIS m\u00f3vil.\u00a0 Integraci\u00f3n con otros sistemas IT.<\/p>\n<\/div>\n<\/div>\n<\/div>\n<\/div>\n<\/div>\n<\/div>\n<\/div>\n<\/div>\n<\/div>\n<div id=\"cmsms_row_69d20a8f17150\" class=\"cmsms_row cmsms_color_scheme_first\" data-stellar-background-ratio=\"0.5\">\n<div class=\"cmsms_row_outer_parent\">\n<div class=\"cmsms_row_overlay\"><\/div>\n<div class=\"cmsms_row_outer\">\n<div class=\"cmsms_row_inner\">\n<div class=\"cmsms_row_margin\">\n<div class=\"cmsms_column three_fourth\">\n<div class=\"cmsms_text\">\n<h3 style=\"text-align: right;\"><\/h3>\n<h3 style=\"text-align: right;\">\u00bfDesa m\u00e1s informaci\u00f3n sobre los sistemas GIS?<\/h3>\n<\/div>\n<\/div>\n<div class=\"cmsms_column one_fourth\">\n\n<div id=\"cmsms_button_69d20a8f17738\" class=\"button_wrap\"><a href=\"fertilem.com\/contacto\" class=\"cmsms_button\">Cont\u00e1ctanos<\/a><\/div>\n<\/div>\n<\/div>\n<\/div>\n<\/div>\n<\/div>\n<\/div>\n<div id=\"cmsms_row_69d20a8f17759\" class=\"cmsms_row cmsms_color_scheme_default\">\n<div class=\"cmsms_row_outer_parent\">\n<div class=\"cmsms_row_outer\">\n<div class=\"cmsms_row_inner\">\n<div class=\"cmsms_row_margin\">\n<div class=\"cmsms_column one_first\">\n<div id=\"cmsms_divider_69d20a8f1778e\" class=\"cmsms_divider solid\"><\/div>\n<\/div>\n<\/div>\n<\/div>\n<\/div>\n<\/div>\n<\/div>\n<\/p>","protected":false},"excerpt":{"rendered":"","protected":false},"author":7,"featured_media":518,"parent":0,"menu_order":0,"comment_status":"closed","ping_status":"closed","template":"","meta":{"footnotes":""},"class_list":["post-569","page","type-page","status-publish","has-post-thumbnail","hentry"],"_links":{"self":[{"href":"http:\/\/fertilem.com\/es\/wp-json\/wp\/v2\/pages\/569","targetHints":{"allow":["GET"]}}],"collection":[{"href":"http:\/\/fertilem.com\/es\/wp-json\/wp\/v2\/pages"}],"about":[{"href":"http:\/\/fertilem.com\/es\/wp-json\/wp\/v2\/types\/page"}],"author":[{"embeddable":true,"href":"http:\/\/fertilem.com\/es\/wp-json\/wp\/v2\/users\/7"}],"replies":[{"embeddable":true,"href":"http:\/\/fertilem.com\/es\/wp-json\/wp\/v2\/comments?post=569"}],"version-history":[{"count":0,"href":"http:\/\/fertilem.com\/es\/wp-json\/wp\/v2\/pages\/569\/revisions"}],"wp:featuredmedia":[{"embeddable":true,"href":"http:\/\/fertilem.com\/es\/wp-json\/wp\/v2\/media\/518"}],"wp:attachment":[{"href":"http:\/\/fertilem.com\/es\/wp-json\/wp\/v2\/media?parent=569"}],"curies":[{"name":"wp","href":"https:\/\/api.w.org\/{rel}","templated":true}]}}