{"id":569,"date":"2015-07-24T15:46:50","date_gmt":"2015-07-24T15:46:50","guid":{"rendered":"http:\/\/fertilem.com\/?page_id=569"},"modified":"2017-06-02T17:43:03","modified_gmt":"2017-06-02T17:43:03","slug":"soluciones-y-sistema-gis","status":"publish","type":"page","link":"http:\/\/fertilem.com\/en\/soluciones-y-sistema-gis\/","title":{"rendered":"GIS \u2013 Creation of technical reports and training in geographical analysis and remote sensing"},"content":{"rendered":"<style type=\"text\/css\"> \n#cmsms_row_69d20ac113d33 .cmsms_row_outer_parent { \n\tpadding-top: 0px; \n} \n\n#cmsms_row_69d20ac113d33 .cmsms_row_outer_parent { \n\tpadding-bottom: 50px; \n} \n\n \n#cmsms_divider_69d20ac113dc5 { \n\tpadding-top:50px; \n\tmargin-bottom:50px; \n} \n \n#cmsms_row_69d20ac113ece .cmsms_row_outer_parent { \n\tpadding-top: 0px; \n} \n\n#cmsms_row_69d20ac113ece .cmsms_row_outer_parent { \n\tpadding-bottom: 50px; \n} \n\n \n#cmsms_heading_69d20ac113f64, #cmsms_heading_69d20ac113f64 a { \n\tcolor:#74c14d; color:rgba(116, 193, 77, 1);\n\tfont-family:'Quicksand'; \n\ttext-align:center; \n\tfont-weight:bold; \n\tfont-style:normal; \n\tmargin-top:0px; \n\tmargin-bottom:20px; \n} \n \n#cmsms_row_69d20ac113f95 .cmsms_row_outer_parent { \n\tpadding-top: 0px; \n} \n\n#cmsms_row_69d20ac113f95 .cmsms_row_outer_parent { \n\tpadding-bottom: 50px; \n} \n\n \n#cmsms_icon_box_69d20ac11402b h1:before { \n\tcolor:#61a93e; \n} \n \n#cmsms_icon_box_69d20ac114076 h1:before { \n\tcolor:#61a93e; \n} \n \n#cmsms_icon_box_69d20ac1140b6 h1:before { \n\tcolor:#61a93e; \n} \n \n#cmsms_row_69d20ac1140de .cmsms_row_outer_parent { \n\tpadding-top: 0px; \n} \n\n#cmsms_row_69d20ac1140de .cmsms_row_outer_parent { \n\tpadding-bottom: 50px; \n} \n\n \n#cmsms_row_69d20ac1141ba .cmsms_row_outer_parent { \n\tpadding-top: 0px; \n} \n\n#cmsms_row_69d20ac1141ba .cmsms_row_outer_parent { \n\tpadding-bottom: 50px; \n} \n\n \n#cmsms_icon_box_69d20ac1141f9 { \n\tbackground-color:#0098da; \n} \n \n#cmsms_icon_box_69d20ac11423e { \n\tbackground-color:#0098da; \n} \n \n#cmsms_icon_box_69d20ac11428c { \n\tbackground-color:#0098da; \n} \n \n#cmsms_icon_box_69d20ac1142cc { \n\tbackground-color:#0098da; \n} \n \n#cmsms_row_69d20ac1142f7 { \n\tbackground-image: url(http:\/\/fertilem.com\/wp-content\/uploads\/2015\/07\/fondo2.jpg); \n\tbackground-position: top center; \n\tbackground-repeat: no-repeat; \n\tbackground-attachment: scroll; \n\tbackground-size: cover; \n} \n\n#cmsms_row_69d20ac1142f7 .cmsms_row_outer_parent { \n\tpadding-top: 20px; \n} \n\n#cmsms_row_69d20ac1142f7 .cmsms_row_outer_parent { \n\tpadding-bottom: 10px; \n} \n\n#cmsms_row_69d20ac1142f7 .cmsms_row_overlay { \n\tbackground-color: #79bf28; \n\topacity: 0.8; \n} \n\n\n#cmsms_button_69d20ac1147b9 { \n\ttext-align:left; \n} \n\n#cmsms_button_69d20ac1147b9 .cmsms_button:before { \n\tmargin-right:.5em; \n\tmargin-left:0; \n\tvertical-align:baseline; \n} \n\n#cmsms_button_69d20ac1147b9 .cmsms_button { \n\tfont-weight:100; \n\tfont-style:normal; \n\tpadding-right:20px; \n\tpadding-left:20px; \n} \n#cmsms_button_69d20ac1147b9 .cmsms_button:hover { \n} \n \n#cmsms_row_69d20ac1147dc .cmsms_row_outer_parent { \n\tpadding-top: 0px; \n} \n\n#cmsms_row_69d20ac1147dc .cmsms_row_outer_parent { \n\tpadding-bottom: 50px; \n} \n\n \n#cmsms_divider_69d20ac114810 { \n\tpadding-top:50px; \n\tmargin-bottom:50px; \n} \n \n#cmsms_row_69d20ac114829 .cmsms_row_outer_parent { \n\tpadding-top: 0px; \n} \n\n#cmsms_row_69d20ac114829 .cmsms_row_outer_parent { \n\tpadding-bottom: 50px; \n} \n\n \n#cmsms_divider_69d20ac114858 { \n\tpadding-top:50px; \n\tmargin-bottom:50px; \n} \n \n#cmsms_row_69d20ac11486e .cmsms_row_outer_parent { \n\tpadding-top: 0px; \n} \n\n#cmsms_row_69d20ac11486e .cmsms_row_outer_parent { \n\tpadding-bottom: 50px; \n} \n\n \n#cmsms_heading_69d20ac1148a3, #cmsms_heading_69d20ac1148a3 a { \n\tcolor:#74c14d; color:rgba(116, 193, 77, 1);\n\tfont-family:'Quicksand'; \n\ttext-align:center; \n\tfont-weight:bold; \n\tfont-style:normal; \n\tmargin-top:0px; \n\tmargin-bottom:20px; \n} \n \n#cmsms_row_69d20ac1148c9 .cmsms_row_outer_parent { \n\tpadding-top: 0px; \n} \n\n#cmsms_row_69d20ac1148c9 .cmsms_row_outer_parent { \n\tpadding-bottom: 50px; \n} \n\n \n#cmsms_icon_box_69d20ac114901 h1:before { \n\tcolor:#61a93e; \n} \n \n#cmsms_icon_box_69d20ac114941 h1:before { \n\tcolor:#61a93e; \n} \n \n#cmsms_icon_box_69d20ac11497d h1:before { \n\tcolor:#61a93e; \n} \n \n#cmsms_row_69d20ac1149a6 .cmsms_row_outer_parent { \n\tpadding-top: 0px; \n} \n\n#cmsms_row_69d20ac1149a6 .cmsms_row_outer_parent { \n\tpadding-bottom: 50px; \n} \n\n \n#cmsms_row_69d20ac114a1f .cmsms_row_outer_parent { \n\tpadding-top: 0px; \n} \n\n#cmsms_row_69d20ac114a1f .cmsms_row_outer_parent { \n\tpadding-bottom: 50px; \n} \n\n \n#cmsms_icon_box_69d20ac114a66 { \n\tbackground-color:#0098da; \n} \n \n#cmsms_icon_box_69d20ac114ab0 { \n\tbackground-color:#0098da; \n} \n \n#cmsms_icon_box_69d20ac114af7 { \n\tbackground-color:#0098da; \n} \n \n#cmsms_icon_box_69d20ac114b3e { \n\tbackground-color:#0098da; \n} \n \n#cmsms_row_69d20ac114b73 { \n\tbackground-image: url(http:\/\/fertilem.com\/wp-content\/uploads\/2015\/07\/fondo2.jpg); \n\tbackground-position: top center; \n\tbackground-repeat: no-repeat; \n\tbackground-attachment: scroll; \n\tbackground-size: cover; \n} \n\n#cmsms_row_69d20ac114b73 .cmsms_row_outer_parent { \n\tpadding-top: 20px; \n} \n\n#cmsms_row_69d20ac114b73 .cmsms_row_outer_parent { \n\tpadding-bottom: 10px; \n} \n\n#cmsms_row_69d20ac114b73 .cmsms_row_overlay { \n\tbackground-color: #79bf28; \n\topacity: 0.8; \n} \n\n\n#cmsms_button_69d20ac114c26 { \n\ttext-align:left; \n} \n\n#cmsms_button_69d20ac114c26 .cmsms_button:before { \n\tmargin-right:.5em; \n\tmargin-left:0; \n\tvertical-align:baseline; \n} \n\n#cmsms_button_69d20ac114c26 .cmsms_button { \n\tfont-weight:100; \n\tfont-style:normal; \n\tpadding-right:20px; \n\tpadding-left:20px; \n} \n#cmsms_button_69d20ac114c26 .cmsms_button:hover { \n} \n \n#cmsms_row_69d20ac114c43 .cmsms_row_outer_parent { \n\tpadding-top: 0px; \n} \n\n#cmsms_row_69d20ac114c43 .cmsms_row_outer_parent { \n\tpadding-bottom: 50px; \n} \n\n \n#cmsms_divider_69d20ac114c71 { \n\tpadding-top:50px; \n\tmargin-bottom:50px; \n} \n<\/style><p><div id=\"cmsms_row_69d20ac114829\" class=\"cmsms_row cmsms_color_scheme_default\">\n<div class=\"cmsms_row_outer_parent\">\n<div class=\"cmsms_row_outer\">\n<div class=\"cmsms_row_inner\">\n<div class=\"cmsms_row_margin\">\n<div class=\"cmsms_column one_first\">\n<div id=\"cmsms_divider_69d20ac114858\" class=\"cmsms_divider solid\"><\/div>\n<\/div>\n<\/div>\n<\/div>\n<\/div>\n<\/div>\n<\/div>\n<div id=\"cmsms_row_69d20ac11486e\" class=\"cmsms_row cmsms_color_scheme_default\">\n<div class=\"cmsms_row_outer_parent\">\n<div class=\"cmsms_row_outer\">\n<div class=\"cmsms_row_inner\">\n<div class=\"cmsms_row_margin\">\n<div class=\"cmsms_column one_first\">\n<h1 id=\"cmsms_heading_69d20ac1148a3\" class=\"cmsms_heading\">We develop solutions with geographic information technologies that help our clients in planning and decision making<\/h1>\n<\/div>\n<\/div>\n<\/div>\n<\/div>\n<\/div>\n<\/div>\n<div id=\"cmsms_row_69d20ac1148c9\" class=\"cmsms_row cmsms_color_scheme_default\">\n<div class=\"cmsms_row_outer_parent\">\n<div class=\"cmsms_row_outer\">\n<div class=\"cmsms_row_inner\">\n<div class=\"cmsms_row_margin\">\n<div class=\"cmsms_column one_third\">\n<div id=\"cmsms_icon_box_69d20ac114901\" class=\"cmsms_icon_box cmsms_box_heading\" data-animation=\"fadeInUp\" data-delay=\"0\">\n<div class=\"icon_box_inner\">\n<h1 class=\"cmsms-icon-rss-1\">GIS agricultural solutions<\/h1>\n<div class=\"icon_box_text\">\n<p><\/p>\n<\/div>\n<\/div>\n<\/div>\n<\/div>\n<div class=\"cmsms_column one_third\">\n<div id=\"cmsms_icon_box_69d20ac114941\" class=\"cmsms_icon_box cmsms_box_heading\" data-animation=\"fadeInUp\" data-delay=\"0\">\n<div class=\"icon_box_inner\">\n<h1 class=\"cmsms-icon-globe-6\">Geo-referenced environmental characterization <\/h1>\n<div class=\"icon_box_text\">\n<p><\/p>\n<\/div>\n<\/div>\n<\/div>\n<\/div>\n<div class=\"cmsms_column one_third\">\n<div id=\"cmsms_icon_box_69d20ac11497d\" class=\"cmsms_icon_box cmsms_box_heading\" data-animation=\"fadeInUp\" data-delay=\"0\">\n<div class=\"icon_box_inner\">\n<h1 class=\"cmsms-icon-users\">Training and development in GIS platforms<\/h1>\n<div class=\"icon_box_text\">\n<p><\/p>\n<\/div>\n<\/div>\n<\/div>\n<\/div>\n<\/div>\n<\/div>\n<\/div>\n<\/div>\n<\/div>\n<div id=\"cmsms_row_69d20ac1149a6\" class=\"cmsms_row cmsms_color_scheme_default\">\n<div class=\"cmsms_row_outer_parent\">\n<div class=\"cmsms_row_outer\">\n<div class=\"cmsms_row_inner\">\n<div class=\"cmsms_row_margin\">\n<div class=\"cmsms_column one_first\">\n<div class=\"cmsms_text\" data-animation=\"fadeIn\" data-delay=\"0\">\n<h2><strong>GIS \u2013 Creation of technical reports and training in geographical analysis and remote sensing<\/strong><\/h2>\n<p>We focus in the generation of value for our customers by developing and providing services, geographical information analysis (GIS) and remote sensing. We are focused in the agricultural sector, with more than ten years of experience in different regions of South America. We offer consulting services, consultancy, analysis and development of solutions supported by geographical information technology that helps the planning and decision making of our customers.<\/p>\n<p>.<\/p>\n<\/div>\n<\/div>\n<\/div>\n<\/div>\n<\/div>\n<\/div>\n<\/div>\n<div id=\"cmsms_row_69d20ac114a1f\" class=\"cmsms_row cmsms_color_scheme_default\">\n<div class=\"cmsms_row_outer_parent\">\n<div class=\"cmsms_row_outer\">\n<div class=\"cmsms_row_inner\">\n<div class=\"cmsms_row_margin\">\n<div class=\"cmsms_column one_fourth\">\n<div id=\"cmsms_icon_box_69d20ac114a66\" class=\"cmsms_icon_box cmsms_box_colored cmsms-icon-map\" data-animation=\"fadeInUp\" data-delay=\"0\">\n<div class=\"icon_box_inner\">\n<h1><\/h1>\n<div class=\"icon_box_text\">\n<p>Lands quality analysis through GIS and remote sensing. Generation of ground maps, topographical maps, water risk, productive potential and environments maps.<\/p>\n<\/div>\n<\/div>\n<\/div>\n<\/div>\n<div class=\"cmsms_column one_fourth\">\n<div id=\"cmsms_icon_box_69d20ac114ab0\" class=\"cmsms_icon_box cmsms_box_colored cmsms-icon-search-1\" data-animation=\"bounceInUp\" data-delay=\"0\">\n<div class=\"icon_box_inner\">\n<h1><\/h1>\n<div class=\"icon_box_text\">\n<p>Auditoria sobre el ciclo productivo mediante el monitoreo de cultivos con \u00edndices de vegetaci\u00f3n. Monitoreo de variables agroclim\u00e1ticas<\/p>\n<\/div>\n<\/div>\n<\/div>\n<\/div>\n<div class=\"cmsms_column one_fourth\">\n<div id=\"cmsms_icon_box_69d20ac114af7\" class=\"cmsms_icon_box cmsms_box_colored cmsms-icon-doc-text\">\n<div class=\"icon_box_inner\">\n<h1><\/h1>\n<div class=\"icon_box_text\">\n<p>An\u00e1lisis espacial avanzado, zonificaciones, optimizaci\u00f3n log\u00edstica, clasificaci\u00f3n digital de im\u00e1genes (detecci\u00f3n y cuantificaci\u00f3n de \u00e1reas cultivadas), localizaci\u00f3n\u00a0 optima, modelos de elevaci\u00f3n digital.<\/p>\n<\/div>\n<\/div>\n<\/div>\n<\/div>\n<div class=\"cmsms_column one_fourth\">\n<div id=\"cmsms_icon_box_69d20ac114b3e\" class=\"cmsms_icon_box cmsms_box_colored cmsms-icon-rss\">\n<div class=\"icon_box_inner\">\n<h1><\/h1>\n<div class=\"icon_box_text\">\n<p>Dise\u00f1o y desarrollo de soluciones GIS integrales basadas en plataformas tecnol\u00f3gicas comerciales (ESRI) y plataformas Open Source (GeoServer) . Aplicaciones desktop GIS,\u00a0 web GIS\u00a0 y GIS m\u00f3vil.\u00a0 Integraci\u00f3n con otros sistemas IT.<\/p>\n<\/div>\n<\/div>\n<\/div>\n<\/div>\n<\/div>\n<\/div>\n<\/div>\n<\/div>\n<\/div>\n<div id=\"cmsms_row_69d20ac114b73\" class=\"cmsms_row cmsms_color_scheme_first\" data-stellar-background-ratio=\"0.5\">\n<div class=\"cmsms_row_outer_parent\">\n<div class=\"cmsms_row_overlay\"><\/div>\n<div class=\"cmsms_row_outer\">\n<div class=\"cmsms_row_inner\">\n<div class=\"cmsms_row_margin\">\n<div class=\"cmsms_column three_fourth\">\n<div class=\"cmsms_text\">\n<h3 style=\"text-align: right;\"><\/h3>\n<h3 style=\"text-align: right;\">Do you want more information about GIS systems?<\/h3>\n<\/div>\n<\/div>\n<div class=\"cmsms_column one_fourth\">\n\n<div id=\"cmsms_button_69d20ac114c26\" class=\"button_wrap\"><a href=\"fertilem.com\/contacto\" class=\"cmsms_button\">Contact Us<\/a><\/div>\n<\/div>\n<\/div>\n<\/div>\n<\/div>\n<\/div>\n<\/div>\n<div id=\"cmsms_row_69d20ac114c43\" class=\"cmsms_row cmsms_color_scheme_default\">\n<div class=\"cmsms_row_outer_parent\">\n<div class=\"cmsms_row_outer\">\n<div class=\"cmsms_row_inner\">\n<div class=\"cmsms_row_margin\">\n<div class=\"cmsms_column one_first\">\n<div id=\"cmsms_divider_69d20ac114c71\" class=\"cmsms_divider solid\"><\/div>\n<\/div>\n<\/div>\n<\/div>\n<\/div>\n<\/div>\n<\/div>\n<\/p>","protected":false},"excerpt":{"rendered":"","protected":false},"author":7,"featured_media":518,"parent":0,"menu_order":0,"comment_status":"closed","ping_status":"closed","template":"","meta":{"footnotes":""},"class_list":["post-569","page","type-page","status-publish","has-post-thumbnail","hentry"],"_links":{"self":[{"href":"http:\/\/fertilem.com\/en\/wp-json\/wp\/v2\/pages\/569","targetHints":{"allow":["GET"]}}],"collection":[{"href":"http:\/\/fertilem.com\/en\/wp-json\/wp\/v2\/pages"}],"about":[{"href":"http:\/\/fertilem.com\/en\/wp-json\/wp\/v2\/types\/page"}],"author":[{"embeddable":true,"href":"http:\/\/fertilem.com\/en\/wp-json\/wp\/v2\/users\/7"}],"replies":[{"embeddable":true,"href":"http:\/\/fertilem.com\/en\/wp-json\/wp\/v2\/comments?post=569"}],"version-history":[{"count":0,"href":"http:\/\/fertilem.com\/en\/wp-json\/wp\/v2\/pages\/569\/revisions"}],"wp:featuredmedia":[{"embeddable":true,"href":"http:\/\/fertilem.com\/en\/wp-json\/wp\/v2\/media\/518"}],"wp:attachment":[{"href":"http:\/\/fertilem.com\/en\/wp-json\/wp\/v2\/media?parent=569"}],"curies":[{"name":"wp","href":"https:\/\/api.w.org\/{rel}","templated":true}]}}